{"id":1448,"date":"2022-08-25T13:27:00","date_gmt":"2022-08-25T13:27:00","guid":{"rendered":"http:\/\/kosiare.sk\/home\/"},"modified":"2023-11-13T10:48:34","modified_gmt":"2023-11-13T10:48:34","slug":"home","status":"publish","type":"page","link":"https:\/\/kosiare.sk\/","title":{"rendered":"Domov"},"content":{"rendered":"\t\t<div data-elementor-type=\"wp-page\" data-elementor-id=\"1448\" class=\"elementor elementor-1448\">\n\t\t\t\t\t\t<section class=\"elementor-section elementor-top-section elementor-element elementor-element-0a002a8 elementor-section-height-min-height elementor-section-items-top elementor-section-boxed elementor-section-height-default\" data-id=\"0a002a8\" data-element_type=\"section\" data-e-type=\"section\" data-settings=\"{&quot;background_background&quot;:&quot;classic&quot;}\">\n\t\t\t\t\t\t\t<div class=\"elementor-background-overlay\"><\/div>\n\t\t\t\t\t\t\t<div class=\"elementor-container elementor-column-gap-default\">\n\t\t\t\t\t<div class=\"elementor-column elementor-col-100 elementor-top-column elementor-element elementor-element-8d46742\" data-id=\"8d46742\" data-element_type=\"column\" data-e-type=\"column\">\n\t\t\t<div class=\"elementor-widget-wrap elementor-element-populated\">\n\t\t\t\t\t\t<div class=\"elementor-element elementor-element-7876f5c elementor-widget elementor-widget-spacer\" data-id=\"7876f5c\" data-element_type=\"widget\" data-e-type=\"widget\" data-widget_type=\"spacer.default\">\n\t\t\t\t<div class=\"elementor-widget-container\">\n\t\t\t\t\t\t\t<div class=\"elementor-spacer\">\n\t\t\t<div class=\"elementor-spacer-inner\"><\/div>\n\t\t<\/div>\n\t\t\t\t\t\t<\/div>\n\t\t\t\t<\/div>\n\t\t\t\t<div class=\"elementor-element elementor-element-fbdc8cf elementor-widget elementor-widget-heading\" data-id=\"fbdc8cf\" data-element_type=\"widget\" data-e-type=\"widget\" data-widget_type=\"heading.default\">\n\t\t\t\t<div class=\"elementor-widget-container\">\n\t\t\t\t\t<h1 class=\"elementor-heading-title elementor-size-default\">Farma Ko\u0161iare<\/h1>\t\t\t\t<\/div>\n\t\t\t\t<\/div>\n\t\t\t\t<div class=\"elementor-element elementor-element-eeab03c elementor-widget elementor-widget-heading\" data-id=\"eeab03c\" data-element_type=\"widget\" data-e-type=\"widget\" data-widget_type=\"heading.default\">\n\t\t\t\t<div class=\"elementor-widget-container\">\n\t\t\t\t\t<h2 class=\"elementor-heading-title elementor-size-default\">registrovan\u00fd soci\u00e1lny podnik<\/h2>\t\t\t\t<\/div>\n\t\t\t\t<\/div>\n\t\t\t\t\t<\/div>\n\t\t<\/div>\n\t\t\t\t\t<\/div>\n\t\t<\/section>\n\t\t\t\t<section class=\"elementor-section elementor-top-section elementor-element elementor-element-aff6ae1 elementor-section-boxed elementor-section-height-default elementor-section-height-default\" data-id=\"aff6ae1\" data-element_type=\"section\" data-e-type=\"section\">\n\t\t\t\t\t\t<div class=\"elementor-container elementor-column-gap-wide\">\n\t\t\t\t\t<div class=\"elementor-column elementor-col-33 elementor-top-column elementor-element elementor-element-f8352c5\" data-id=\"f8352c5\" data-element_type=\"column\" data-e-type=\"column\">\n\t\t\t<div class=\"elementor-widget-wrap elementor-element-populated\">\n\t\t\t\t\t\t<div class=\"elementor-element elementor-element-00d516a elementor-widget elementor-widget-image\" data-id=\"00d516a\" data-element_type=\"widget\" data-e-type=\"widget\" data-widget_type=\"image.default\">\n\t\t\t\t<div class=\"elementor-widget-container\">\n\t\t\t\t\t\t\t\t\t\t\t\t\t\t\t<img fetchpriority=\"high\" decoding=\"async\" width=\"2560\" height=\"1920\" src=\"https:\/\/kosiare.sk\/wp-content\/uploads\/2022\/11\/IMG_20221113_140332-scaled.jpg\" class=\"attachment-full size-full wp-image-2114\" alt=\"\" srcset=\"https:\/\/kosiare.sk\/wp-content\/uploads\/2022\/11\/IMG_20221113_140332-scaled.jpg 2560w, https:\/\/kosiare.sk\/wp-content\/uploads\/2022\/11\/IMG_20221113_140332-300x225.jpg 300w, https:\/\/kosiare.sk\/wp-content\/uploads\/2022\/11\/IMG_20221113_140332-1024x768.jpg 1024w, https:\/\/kosiare.sk\/wp-content\/uploads\/2022\/11\/IMG_20221113_140332-768x576.jpg 768w, https:\/\/kosiare.sk\/wp-content\/uploads\/2022\/11\/IMG_20221113_140332-1536x1152.jpg 1536w, https:\/\/kosiare.sk\/wp-content\/uploads\/2022\/11\/IMG_20221113_140332-2048x1536.jpg 2048w\" sizes=\"(max-width: 2560px) 100vw, 2560px\" \/>\t\t\t\t\t\t\t\t\t\t\t\t\t\t\t<\/div>\n\t\t\t\t<\/div>\n\t\t\t\t<div class=\"elementor-element elementor-element-5774235 elementor-widget elementor-widget-heading\" data-id=\"5774235\" data-element_type=\"widget\" data-e-type=\"widget\" data-widget_type=\"heading.default\">\n\t\t\t\t<div class=\"elementor-widget-container\">\n\t\t\t\t\t<h4 class=\"elementor-heading-title elementor-size-default\">Zvierat\u00e1<\/h4>\t\t\t\t<\/div>\n\t\t\t\t<\/div>\n\t\t\t\t\t<\/div>\n\t\t<\/div>\n\t\t\t\t<div class=\"elementor-column elementor-col-33 elementor-top-column elementor-element elementor-element-9fec389\" data-id=\"9fec389\" data-element_type=\"column\" data-e-type=\"column\">\n\t\t\t<div class=\"elementor-widget-wrap elementor-element-populated\">\n\t\t\t\t\t\t<div class=\"elementor-element elementor-element-53ab989 elementor-widget elementor-widget-image\" data-id=\"53ab989\" data-element_type=\"widget\" data-e-type=\"widget\" data-widget_type=\"image.default\">\n\t\t\t\t<div class=\"elementor-widget-container\">\n\t\t\t\t\t\t\t\t\t\t\t\t\t\t\t<img decoding=\"async\" width=\"2560\" height=\"1943\" src=\"https:\/\/kosiare.sk\/wp-content\/uploads\/2022\/11\/IMG_33081-scaled.jpg\" class=\"attachment-full size-full wp-image-2683\" alt=\"\" srcset=\"https:\/\/kosiare.sk\/wp-content\/uploads\/2022\/11\/IMG_33081-scaled.jpg 2560w, https:\/\/kosiare.sk\/wp-content\/uploads\/2022\/11\/IMG_33081-300x228.jpg 300w, https:\/\/kosiare.sk\/wp-content\/uploads\/2022\/11\/IMG_33081-1024x777.jpg 1024w, https:\/\/kosiare.sk\/wp-content\/uploads\/2022\/11\/IMG_33081-768x583.jpg 768w, https:\/\/kosiare.sk\/wp-content\/uploads\/2022\/11\/IMG_33081-1536x1166.jpg 1536w, https:\/\/kosiare.sk\/wp-content\/uploads\/2022\/11\/IMG_33081-2048x1554.jpg 2048w\" sizes=\"(max-width: 2560px) 100vw, 2560px\" \/>\t\t\t\t\t\t\t\t\t\t\t\t\t\t\t<\/div>\n\t\t\t\t<\/div>\n\t\t\t\t<div class=\"elementor-element elementor-element-4dea650 elementor-widget elementor-widget-heading\" data-id=\"4dea650\" data-element_type=\"widget\" data-e-type=\"widget\" data-widget_type=\"heading.default\">\n\t\t\t\t<div class=\"elementor-widget-container\">\n\t\t\t\t\t<h4 class=\"elementor-heading-title elementor-size-default\">Aktivity<\/h4>\t\t\t\t<\/div>\n\t\t\t\t<\/div>\n\t\t\t\t\t<\/div>\n\t\t<\/div>\n\t\t\t\t<div class=\"elementor-column elementor-col-33 elementor-top-column elementor-element elementor-element-a4b2aab\" data-id=\"a4b2aab\" data-element_type=\"column\" data-e-type=\"column\">\n\t\t\t<div class=\"elementor-widget-wrap elementor-element-populated\">\n\t\t\t\t\t\t<div class=\"elementor-element elementor-element-83d3bf2 elementor-widget elementor-widget-image\" data-id=\"83d3bf2\" data-element_type=\"widget\" data-e-type=\"widget\" data-widget_type=\"image.default\">\n\t\t\t\t<div class=\"elementor-widget-container\">\n\t\t\t\t\t\t\t\t\t\t\t\t\t\t\t<img decoding=\"async\" width=\"2448\" height=\"1786\" src=\"https:\/\/kosiare.sk\/wp-content\/uploads\/2022\/11\/16653440968831111111.jpg\" class=\"attachment-full size-full wp-image-2110\" alt=\"\" srcset=\"https:\/\/kosiare.sk\/wp-content\/uploads\/2022\/11\/16653440968831111111.jpg 2448w, https:\/\/kosiare.sk\/wp-content\/uploads\/2022\/11\/16653440968831111111-300x219.jpg 300w, https:\/\/kosiare.sk\/wp-content\/uploads\/2022\/11\/16653440968831111111-1024x747.jpg 1024w, https:\/\/kosiare.sk\/wp-content\/uploads\/2022\/11\/16653440968831111111-768x560.jpg 768w, https:\/\/kosiare.sk\/wp-content\/uploads\/2022\/11\/16653440968831111111-1536x1121.jpg 1536w, https:\/\/kosiare.sk\/wp-content\/uploads\/2022\/11\/16653440968831111111-2048x1494.jpg 2048w\" sizes=\"(max-width: 2448px) 100vw, 2448px\" \/>\t\t\t\t\t\t\t\t\t\t\t\t\t\t\t<\/div>\n\t\t\t\t<\/div>\n\t\t\t\t<div class=\"elementor-element elementor-element-14b01c6 elementor-widget elementor-widget-heading\" data-id=\"14b01c6\" data-element_type=\"widget\" data-e-type=\"widget\" data-widget_type=\"heading.default\">\n\t\t\t\t<div class=\"elementor-widget-container\">\n\t\t\t\t\t<h4 class=\"elementor-heading-title elementor-size-default\">Slu\u017eby<\/h4>\t\t\t\t<\/div>\n\t\t\t\t<\/div>\n\t\t\t\t\t<\/div>\n\t\t<\/div>\n\t\t\t\t\t<\/div>\n\t\t<\/section>\n\t\t\t\t<section class=\"elementor-section elementor-top-section elementor-element elementor-element-6e2f681 elementor-section-boxed elementor-section-height-default elementor-section-height-default\" data-id=\"6e2f681\" data-element_type=\"section\" data-e-type=\"section\">\n\t\t\t\t\t\t<div class=\"elementor-container elementor-column-gap-wide\">\n\t\t\t\t\t<div class=\"elementor-column elementor-col-50 elementor-top-column elementor-element elementor-element-e8c6ac4\" data-id=\"e8c6ac4\" data-element_type=\"column\" data-e-type=\"column\">\n\t\t\t<div class=\"elementor-widget-wrap elementor-element-populated\">\n\t\t\t\t\t\t<div class=\"elementor-element elementor-element-dfec25a elementor-widget elementor-widget-heading\" data-id=\"dfec25a\" data-element_type=\"widget\" data-e-type=\"widget\" data-widget_type=\"heading.default\">\n\t\t\t\t<div class=\"elementor-widget-container\">\n\t\t\t\t\t<h2 class=\"elementor-heading-title elementor-size-default\">O N\u00e1s<\/h2>\t\t\t\t<\/div>\n\t\t\t\t<\/div>\n\t\t\t\t<div class=\"elementor-element elementor-element-b9d0bf1 elementor-widget__width-initial elementor-widget elementor-widget-text-editor\" data-id=\"b9d0bf1\" data-element_type=\"widget\" data-e-type=\"widget\" data-widget_type=\"text-editor.default\">\n\t\t\t\t<div class=\"elementor-widget-container\">\n\t\t\t\t\t\t\t\t\t<p>Farma Ko\u0161iare je registrovan\u00fdm soci\u00e1lnym podnikom, ktor\u00fd sa sna\u017e\u00ed dosahova\u0165 pozit\u00edvny&nbsp;<span style=\"font-style: inherit; font-weight: inherit; color: var( --e-global-color-astglobalcolor2 ); background-color: rgba(232, 221, 181, 0);\">soci\u00e1lny vplyv prostredn\u00edctvom \u0161irokej \u0161k\u00e1ly poskytovan\u00fdch slu\u017eieb a z\u00e1rove\u0148&nbsp;<\/span><span style=\"font-style: inherit; font-weight: inherit; color: var( --e-global-color-astglobalcolor2 ); background-color: rgba(232, 221, 181, 0);\">zamestn\u00e1van\u00edm \u013eud\u00ed, ktor\u00ed s\u00fa znev\u00fdhodnen\u00ed na trhu pr\u00e1ce. Medzi na\u0161e aktivity patr\u00ed&nbsp;<\/span><span style=\"font-style: inherit; font-weight: inherit; color: var( --e-global-color-astglobalcolor2 ); background-color: rgba(232, 221, 181, 0);\">starostlivos\u0165 o farmu a chov plemenn\u00fdch zvierat a slu\u017eby spojen\u00e9 s ustajnen\u00edm kon\u00ed&nbsp;<\/span><span style=\"font-style: inherit; font-weight: inherit; color: var( --e-global-color-astglobalcolor2 ); background-color: rgba(232, 221, 181, 0);\">a hipoterapiou.<\/span><\/p>\t\t\t\t\t\t\t\t<\/div>\n\t\t\t\t<\/div>\n\t\t\t\t\t<\/div>\n\t\t<\/div>\n\t\t\t\t<div class=\"elementor-column elementor-col-50 elementor-top-column elementor-element elementor-element-2851bf7\" data-id=\"2851bf7\" data-element_type=\"column\" data-e-type=\"column\">\n\t\t\t<div class=\"elementor-widget-wrap elementor-element-populated\">\n\t\t\t\t\t\t<div class=\"elementor-element elementor-element-e3897f4 elementor-widget elementor-widget-image\" data-id=\"e3897f4\" data-element_type=\"widget\" data-e-type=\"widget\" data-widget_type=\"image.default\">\n\t\t\t\t<div class=\"elementor-widget-container\">\n\t\t\t\t\t\t\t\t\t\t\t\t\t\t\t<img loading=\"lazy\" decoding=\"async\" width=\"1024\" height=\"762\" src=\"https:\/\/kosiare.sk\/wp-content\/uploads\/2022\/10\/Our-Mission-min-1024x762.jpg\" class=\"attachment-large size-large wp-image-1708\" alt=\"\" srcset=\"https:\/\/kosiare.sk\/wp-content\/uploads\/2022\/10\/Our-Mission-min-1024x762.jpg 1024w, https:\/\/kosiare.sk\/wp-content\/uploads\/2022\/10\/Our-Mission-min-300x223.jpg 300w, https:\/\/kosiare.sk\/wp-content\/uploads\/2022\/10\/Our-Mission-min-768x572.jpg 768w, https:\/\/kosiare.sk\/wp-content\/uploads\/2022\/10\/Our-Mission-min.jpg 1236w\" sizes=\"(max-width: 1024px) 100vw, 1024px\" \/>\t\t\t\t\t\t\t\t\t\t\t\t\t\t\t<\/div>\n\t\t\t\t<\/div>\n\t\t\t\t\t<\/div>\n\t\t<\/div>\n\t\t\t\t\t<\/div>\n\t\t<\/section>\n\t\t\t\t<\/div>\n\t\t","protected":false},"excerpt":{"rendered":"<p>Farma Ko\u0161iare registrovan\u00fd soci\u00e1lny podnik Zvierat\u00e1 Aktivity Slu\u017eby O N\u00e1s Farma Ko\u0161iare je registrovan\u00fdm soci\u00e1lnym podnikom, ktor\u00fd sa sna\u017e\u00ed dosahova\u0165 pozit\u00edvny&nbsp;soci\u00e1lny vplyv prostredn\u00edctvom \u0161irokej \u0161k\u00e1ly poskytovan\u00fdch slu\u017eieb a z\u00e1rove\u0148&nbsp;zamestn\u00e1van\u00edm \u013eud\u00ed, ktor\u00ed s\u00fa znev\u00fdhodnen\u00ed na trhu pr\u00e1ce. Medzi na\u0161e aktivity patr\u00ed&nbsp;starostlivos\u0165 o farmu a chov plemenn\u00fdch zvierat a slu\u017eby spojen\u00e9 s ustajnen\u00edm kon\u00ed&nbsp;a hipoterapiou.<\/p>\n","protected":false},"author":1,"featured_media":0,"parent":0,"menu_order":0,"comment_status":"closed","ping_status":"closed","template":"","meta":{"site-sidebar-layout":"no-sidebar","site-content-layout":"page-builder","ast-site-content-layout":"default","site-content-style":"default","site-sidebar-style":"default","ast-global-header-display":"","ast-banner-title-visibility":"","ast-main-header-display":"","ast-hfb-above-header-display":"","ast-hfb-below-header-display":"","ast-hfb-mobile-header-display":"","site-post-title":"disabled","ast-breadcrumbs-content":"","ast-featured-img":"disabled","footer-sml-layout":"","ast-disable-related-posts":"","theme-transparent-header-meta":"enabled","adv-header-id-meta":"","stick-header-meta":"","header-above-stick-meta":"","header-main-stick-meta":"","header-below-stick-meta":"","astra-migrate-meta-layouts":"default","ast-page-background-enabled":"default","ast-page-background-meta":{"desktop":{"background-color":"var(--ast-global-color-4)","background-image":"","background-repeat":"repeat","background-position":"center center","background-size":"auto","background-attachment":"scroll","background-type":"","background-media":"","overlay-type":"","overlay-color":"","overlay-opacity":"","overlay-gradient":""},"tablet":{"background-color":"","background-image":"","background-repeat":"repeat","background-position":"center center","background-size":"auto","background-attachment":"scroll","background-type":"","background-media":"","overlay-type":"","overlay-color":"","overlay-opacity":"","overlay-gradient":""},"mobile":{"background-color":"","background-image":"","background-repeat":"repeat","background-position":"center center","background-size":"auto","background-attachment":"scroll","background-type":"","background-media":"","overlay-type":"","overlay-color":"","overlay-opacity":"","overlay-gradient":""}},"ast-content-background-meta":{"desktop":{"background-color":"var(--ast-global-color-5)","background-image":"","background-repeat":"repeat","background-position":"center center","background-size":"auto","background-attachment":"scroll","background-type":"","background-media":"","overlay-type":"","overlay-color":"","overlay-opacity":"","overlay-gradient":""},"tablet":{"background-color":"var(--ast-global-color-5)","background-image":"","background-repeat":"repeat","background-position":"center center","background-size":"auto","background-attachment":"scroll","background-type":"","background-media":"","overlay-type":"","overlay-color":"","overlay-opacity":"","overlay-gradient":""},"mobile":{"background-color":"var(--ast-global-color-5)","background-image":"","background-repeat":"repeat","background-position":"center center","background-size":"auto","background-attachment":"scroll","background-type":"","background-media":"","overlay-type":"","overlay-color":"","overlay-opacity":"","overlay-gradient":""}},"footnotes":""},"class_list":["post-1448","page","type-page","status-publish","hentry"],"_links":{"self":[{"href":"https:\/\/kosiare.sk\/index.php?rest_route=\/wp\/v2\/pages\/1448","targetHints":{"allow":["GET"]}}],"collection":[{"href":"https:\/\/kosiare.sk\/index.php?rest_route=\/wp\/v2\/pages"}],"about":[{"href":"https:\/\/kosiare.sk\/index.php?rest_route=\/wp\/v2\/types\/page"}],"author":[{"embeddable":true,"href":"https:\/\/kosiare.sk\/index.php?rest_route=\/wp\/v2\/users\/1"}],"replies":[{"embeddable":true,"href":"https:\/\/kosiare.sk\/index.php?rest_route=%2Fwp%2Fv2%2Fcomments&post=1448"}],"version-history":[{"count":291,"href":"https:\/\/kosiare.sk\/index.php?rest_route=\/wp\/v2\/pages\/1448\/revisions"}],"predecessor-version":[{"id":2907,"href":"https:\/\/kosiare.sk\/index.php?rest_route=\/wp\/v2\/pages\/1448\/revisions\/2907"}],"wp:attachment":[{"href":"https:\/\/kosiare.sk\/index.php?rest_route=%2Fwp%2Fv2%2Fmedia&parent=1448"}],"curies":[{"name":"wp","href":"https:\/\/api.w.org\/{rel}","templated":true}]}}